{"id":5993,"date":"2025-03-18T14:13:02","date_gmt":"2025-03-18T13:13:02","guid":{"rendered":"https:\/\/maisondelalimentation.fr\/?page_id=5993"},"modified":"2025-03-24T16:54:34","modified_gmt":"2025-03-24T15:54:34","slug":"elementor-5993","status":"publish","type":"page","link":"https:\/\/maisondelalimentation.fr\/?page_id=5993","title":{"rendered":"Vie de l&rsquo;association"},"content":{"rendered":"\t\t<div data-elementor-type=\"wp-page\" data-elementor-id=\"5993\" class=\"elementor elementor-5993\">\n\t\t\t\t\t\t<section class=\"elementor-section elementor-top-section elementor-element elementor-element-3dbd438 elementor-section-boxed elementor-section-height-default elementor-section-height-default\" data-id=\"3dbd438\" data-element_type=\"section\">\n\t\t\t\t\t\t<div class=\"elementor-container elementor-column-gap-default\">\n\t\t\t\t\t<div class=\"elementor-column elementor-col-100 elementor-top-column elementor-element elementor-element-d726c09\" data-id=\"d726c09\" data-element_type=\"column\">\n\t\t\t<div class=\"elementor-widget-wrap elementor-element-populated\">\n\t\t\t\t\t\t<div class=\"elementor-element elementor-element-5e3dd19 elementor-widget elementor-widget-text-editor\" data-id=\"5e3dd19\" data-element_type=\"widget\" data-widget_type=\"text-editor.default\">\n\t\t\t\t<div class=\"elementor-widget-container\">\n\t\t\t\t\t\t\t\t\t<div class=\"wp-block-group\">\n<p class=\"has-text-color\"><span style=\"color: #000000; font-size: 36pt;\"><strong><span style=\"font-family: arial, helvetica, sans-serif;\">Vie de l&rsquo;association<\/span><\/strong><\/span><\/p>\n<\/div>\t\t\t\t\t\t\t\t<\/div>\n\t\t\t\t<\/div>\n\t\t\t\t\t<\/div>\n\t\t<\/div>\n\t\t\t\t\t<\/div>\n\t\t<\/section>\n\t\t\t\t<section class=\"elementor-section elementor-top-section elementor-element elementor-element-886396c elementor-reverse-mobile elementor-section-boxed elementor-section-height-default elementor-section-height-default\" data-id=\"886396c\" data-element_type=\"section\" data-settings=\"{&quot;background_background&quot;:&quot;classic&quot;}\">\n\t\t\t\t\t\t<div class=\"elementor-container elementor-column-gap-default\">\n\t\t\t\t\t<div class=\"elementor-column elementor-col-66 elementor-top-column elementor-element elementor-element-1bb3df3\" data-id=\"1bb3df3\" data-element_type=\"column\">\n\t\t\t<div class=\"elementor-widget-wrap elementor-element-populated\">\n\t\t\t\t\t\t<div class=\"elementor-element elementor-element-516aec9 elementor-widget elementor-widget-text-editor\" data-id=\"516aec9\" data-element_type=\"widget\" data-widget_type=\"text-editor.default\">\n\t\t\t\t<div class=\"elementor-widget-container\">\n\t\t\t\t\t\t\t\t\t<p class=\"has-text-color\"><span style=\"color: #000000; font-size: 14pt; font-family: comic sans ms, sans-serif;\">L\u2019association est constitu\u00e9e :<\/span><\/p>\n<p><span style=\"color: #000000; font-family: comic sans ms, sans-serif; font-size: 12pt;\"><!-- \/wp:paragraph --><!-- wp:paragraph {\"style\":{\"color\":{\"text\":\"#000000\"},\"typography\":{\"fontSize\":\"17px\"}}} --><\/span><\/p>\n<ul>\n<li class=\"has-text-color\"><span style=\"color: #000000; font-family: comic sans ms, sans-serif; font-size: 12pt;\">d&rsquo;une <strong>cinquantaine de b\u00e9n\u00e9voles<\/strong>\u00a0tr\u00e8s impliqu\u00e9s et disponibles \u0153uvre pour l\u2019association. Les b\u00e9n\u00e9voles tous diff\u00e9rents les uns des autres, s\u2019engagent selon leur envie dans une ou plusieurs activit\u00e9s de l\u2019\u00e9picerie.<\/span><\/li>\n<\/ul>\n<p><span style=\"color: #000000; font-family: comic sans ms, sans-serif; font-size: 12pt;\"><!-- \/wp:paragraph --><!-- wp:paragraph --><\/span><\/p>\n<ul>\n<li><span style=\"color: #000000; font-family: comic sans ms, sans-serif; font-size: 12pt;\">d\u2019un <strong>Conseil d\u2019Administration<\/strong>\u00a0pour donner les orientations de fonctionnement<\/span><\/li>\n<\/ul>\n<p><span style=\"color: #000000; font-family: comic sans ms, sans-serif; font-size: 12pt;\"><!-- \/wp:paragraph --><!-- wp:paragraph --><\/span><\/p>\n<ul>\n<li><span style=\"color: #000000; font-family: comic sans ms, sans-serif; font-size: 12pt;\">d\u2019un <strong>Bureau<\/strong>\u00a0se r\u00e9unissant r\u00e9guli\u00e8rement pour prendre les d\u00e9cisions courantes<\/span><\/li>\n<\/ul>\n<p><span style=\"color: #000000; font-family: comic sans ms, sans-serif; font-size: 12pt;\"><!-- \/wp:paragraph --><!-- wp:paragraph --><\/span><\/p>\n<ul>\n<li><span style=\"color: #000000; font-family: comic sans ms, sans-serif; font-size: 12pt;\">d&rsquo;une <strong>Salari\u00e9e,<\/strong>Travailleur Social : COTTE Marion<\/span><\/li>\n<\/ul>\t\t\t\t\t\t\t\t<\/div>\n\t\t\t\t<\/div>\n\t\t\t\t\t<\/div>\n\t\t<\/div>\n\t\t\t\t<div class=\"elementor-column elementor-col-33 elementor-top-column elementor-element elementor-element-31b4090\" data-id=\"31b4090\" data-element_type=\"column\">\n\t\t\t<div class=\"elementor-widget-wrap elementor-element-populated\">\n\t\t\t\t\t\t<div class=\"elementor-element elementor-element-de5c2de elementor-widget elementor-widget-image\" data-id=\"de5c2de\" data-element_type=\"widget\" data-widget_type=\"image.default\">\n\t\t\t\t<div class=\"elementor-widget-container\">\n\t\t\t\t\t\t\t\t\t\t\t\t\t\t\t<img fetchpriority=\"high\" decoding=\"async\" width=\"724\" height=\"1024\" src=\"https:\/\/maisondelalimentation.fr\/wp-content\/uploads\/2025\/03\/Cream-Colorful-Creative-Mind-Map-A4-Document-2-724x1024.png\" class=\"attachment-large size-large wp-image-5995\" alt=\"\" srcset=\"https:\/\/maisondelalimentation.fr\/wp-content\/uploads\/2025\/03\/Cream-Colorful-Creative-Mind-Map-A4-Document-2-724x1024.png 724w, https:\/\/maisondelalimentation.fr\/wp-content\/uploads\/2025\/03\/Cream-Colorful-Creative-Mind-Map-A4-Document-2-212x300.png 212w, https:\/\/maisondelalimentation.fr\/wp-content\/uploads\/2025\/03\/Cream-Colorful-Creative-Mind-Map-A4-Document-2-768x1086.png 768w, https:\/\/maisondelalimentation.fr\/wp-content\/uploads\/2025\/03\/Cream-Colorful-Creative-Mind-Map-A4-Document-2-1086x1536.png 1086w, https:\/\/maisondelalimentation.fr\/wp-content\/uploads\/2025\/03\/Cream-Colorful-Creative-Mind-Map-A4-Document-2-35x50.png 35w, https:\/\/maisondelalimentation.fr\/wp-content\/uploads\/2025\/03\/Cream-Colorful-Creative-Mind-Map-A4-Document-2.png 1414w\" sizes=\"(max-width: 724px) 100vw, 724px\" \/>\t\t\t\t\t\t\t\t\t\t\t\t\t\t\t<\/div>\n\t\t\t\t<\/div>\n\t\t\t\t\t<\/div>\n\t\t<\/div>\n\t\t\t\t\t<\/div>\n\t\t<\/section>\n\t\t\t\t<\/div>\n\t\t","protected":false},"excerpt":{"rendered":"<p>Vie de l&rsquo;association L\u2019association est constitu\u00e9e : d&rsquo;une cinquantaine de b\u00e9n\u00e9voles\u00a0tr\u00e8s impliqu\u00e9s et disponibles \u0153uvre pour l\u2019association. Les b\u00e9n\u00e9voles tous diff\u00e9rents les uns des autres, s\u2019engagent selon leur envie dans une ou plusieurs activit\u00e9s de l\u2019\u00e9picerie. d\u2019un Conseil d\u2019Administration\u00a0pour donner les orientations de fonctionnement d\u2019un Bureau\u00a0se r\u00e9unissant r\u00e9guli\u00e8rement pour prendre &hellip;<\/p>\n","protected":false},"author":1,"featured_media":0,"parent":0,"menu_order":0,"comment_status":"closed","ping_status":"closed","template":"","meta":{"qubely_global_settings":"","qubely_interactions":"","footnotes":""},"class_list":["post-5993","page","type-page","status-publish","hentry"],"yoast_head":"<!-- This site is optimized with the Yoast SEO plugin v25.1 - https:\/\/yoast.com\/wordpress\/plugins\/seo\/ -->\n<title>Vie de l&#039;association - Maison de l&#039;Alimentation Ambert<\/title>\n<meta name=\"robots\" content=\"index, follow, max-snippet:-1, max-image-preview:large, max-video-preview:-1\" \/>\n<link rel=\"canonical\" href=\"https:\/\/maisondelalimentation.fr\/?page_id=5993\" \/>\n<meta property=\"og:locale\" content=\"fr_FR\" \/>\n<meta property=\"og:type\" content=\"article\" \/>\n<meta property=\"og:title\" content=\"Vie de l&#039;association - Maison de l&#039;Alimentation Ambert\" \/>\n<meta property=\"og:description\" content=\"Vie de l&rsquo;association L\u2019association est constitu\u00e9e : d&rsquo;une cinquantaine de b\u00e9n\u00e9voles\u00a0tr\u00e8s impliqu\u00e9s et disponibles \u0153uvre pour l\u2019association. Les b\u00e9n\u00e9voles tous diff\u00e9rents les uns des autres, s\u2019engagent selon leur envie dans une ou plusieurs activit\u00e9s de l\u2019\u00e9picerie. d\u2019un Conseil d\u2019Administration\u00a0pour donner les orientations de fonctionnement d\u2019un Bureau\u00a0se r\u00e9unissant r\u00e9guli\u00e8rement pour prendre &hellip;\" \/>\n<meta property=\"og:url\" content=\"https:\/\/maisondelalimentation.fr\/?page_id=5993\" \/>\n<meta property=\"og:site_name\" content=\"Maison de l&#039;Alimentation Ambert\" \/>\n<meta property=\"article:modified_time\" content=\"2025-03-24T15:54:34+00:00\" \/>\n<meta property=\"og:image\" content=\"https:\/\/maisondelalimentation.fr\/wp-content\/uploads\/2025\/03\/Cream-Colorful-Creative-Mind-Map-A4-Document-2.png\" \/>\n\t<meta property=\"og:image:width\" content=\"1414\" \/>\n\t<meta property=\"og:image:height\" content=\"2000\" \/>\n\t<meta property=\"og:image:type\" content=\"image\/png\" \/>\n<meta name=\"twitter:card\" content=\"summary_large_image\" \/>\n<meta name=\"twitter:label1\" content=\"Dur\u00e9e de lecture estim\u00e9e\" \/>\n\t<meta name=\"twitter:data1\" content=\"1 minute\" \/>\n<script type=\"application\/ld+json\" class=\"yoast-schema-graph\">{\"@context\":\"https:\/\/schema.org\",\"@graph\":[{\"@type\":\"WebPage\",\"@id\":\"https:\/\/maisondelalimentation.fr\/?page_id=5993\",\"url\":\"https:\/\/maisondelalimentation.fr\/?page_id=5993\",\"name\":\"Vie de l'association - Maison de l&#039;Alimentation Ambert\",\"isPartOf\":{\"@id\":\"https:\/\/maisondelalimentation.fr\/#website\"},\"primaryImageOfPage\":{\"@id\":\"https:\/\/maisondelalimentation.fr\/?page_id=5993#primaryimage\"},\"image\":{\"@id\":\"https:\/\/maisondelalimentation.fr\/?page_id=5993#primaryimage\"},\"thumbnailUrl\":\"https:\/\/maisondelalimentation.fr\/wp-content\/uploads\/2025\/03\/Cream-Colorful-Creative-Mind-Map-A4-Document-2-724x1024.png\",\"datePublished\":\"2025-03-18T13:13:02+00:00\",\"dateModified\":\"2025-03-24T15:54:34+00:00\",\"breadcrumb\":{\"@id\":\"https:\/\/maisondelalimentation.fr\/?page_id=5993#breadcrumb\"},\"inLanguage\":\"fr-FR\",\"potentialAction\":[{\"@type\":\"ReadAction\",\"target\":[\"https:\/\/maisondelalimentation.fr\/?page_id=5993\"]}]},{\"@type\":\"ImageObject\",\"inLanguage\":\"fr-FR\",\"@id\":\"https:\/\/maisondelalimentation.fr\/?page_id=5993#primaryimage\",\"url\":\"https:\/\/maisondelalimentation.fr\/wp-content\/uploads\/2025\/03\/Cream-Colorful-Creative-Mind-Map-A4-Document-2.png\",\"contentUrl\":\"https:\/\/maisondelalimentation.fr\/wp-content\/uploads\/2025\/03\/Cream-Colorful-Creative-Mind-Map-A4-Document-2.png\",\"width\":1414,\"height\":2000},{\"@type\":\"BreadcrumbList\",\"@id\":\"https:\/\/maisondelalimentation.fr\/?page_id=5993#breadcrumb\",\"itemListElement\":[{\"@type\":\"ListItem\",\"position\":1,\"name\":\"Accueil\",\"item\":\"https:\/\/maisondelalimentation.fr\/\"},{\"@type\":\"ListItem\",\"position\":2,\"name\":\"Vie de l&rsquo;association\"}]},{\"@type\":\"WebSite\",\"@id\":\"https:\/\/maisondelalimentation.fr\/#website\",\"url\":\"https:\/\/maisondelalimentation.fr\/\",\"name\":\"Maison de l&#039;Alimentation Ambert\",\"description\":\"\",\"publisher\":{\"@id\":\"https:\/\/maisondelalimentation.fr\/#organization\"},\"potentialAction\":[{\"@type\":\"SearchAction\",\"target\":{\"@type\":\"EntryPoint\",\"urlTemplate\":\"https:\/\/maisondelalimentation.fr\/?s={search_term_string}\"},\"query-input\":{\"@type\":\"PropertyValueSpecification\",\"valueRequired\":true,\"valueName\":\"search_term_string\"}}],\"inLanguage\":\"fr-FR\"},{\"@type\":\"Organization\",\"@id\":\"https:\/\/maisondelalimentation.fr\/#organization\",\"name\":\"Maison de l'Alimentation\",\"url\":\"https:\/\/maisondelalimentation.fr\/\",\"logo\":{\"@type\":\"ImageObject\",\"inLanguage\":\"fr-FR\",\"@id\":\"https:\/\/maisondelalimentation.fr\/#\/schema\/logo\/image\/\",\"url\":\"https:\/\/maisondelalimentation.fr\/wp-content\/uploads\/2022\/06\/cropped-logo_ma_txt.png\",\"contentUrl\":\"https:\/\/maisondelalimentation.fr\/wp-content\/uploads\/2022\/06\/cropped-logo_ma_txt.png\",\"width\":561,\"height\":200,\"caption\":\"Maison de l'Alimentation\"},\"image\":{\"@id\":\"https:\/\/maisondelalimentation.fr\/#\/schema\/logo\/image\/\"}}]}<\/script>\n<!-- \/ Yoast SEO plugin. -->","yoast_head_json":{"title":"Vie de l'association - Maison de l&#039;Alimentation Ambert","robots":{"index":"index","follow":"follow","max-snippet":"max-snippet:-1","max-image-preview":"max-image-preview:large","max-video-preview":"max-video-preview:-1"},"canonical":"https:\/\/maisondelalimentation.fr\/?page_id=5993","og_locale":"fr_FR","og_type":"article","og_title":"Vie de l'association - Maison de l&#039;Alimentation Ambert","og_description":"Vie de l&rsquo;association L\u2019association est constitu\u00e9e : d&rsquo;une cinquantaine de b\u00e9n\u00e9voles\u00a0tr\u00e8s impliqu\u00e9s et disponibles \u0153uvre pour l\u2019association. Les b\u00e9n\u00e9voles tous diff\u00e9rents les uns des autres, s\u2019engagent selon leur envie dans une ou plusieurs activit\u00e9s de l\u2019\u00e9picerie. d\u2019un Conseil d\u2019Administration\u00a0pour donner les orientations de fonctionnement d\u2019un Bureau\u00a0se r\u00e9unissant r\u00e9guli\u00e8rement pour prendre &hellip;","og_url":"https:\/\/maisondelalimentation.fr\/?page_id=5993","og_site_name":"Maison de l&#039;Alimentation Ambert","article_modified_time":"2025-03-24T15:54:34+00:00","og_image":[{"width":1414,"height":2000,"url":"https:\/\/maisondelalimentation.fr\/wp-content\/uploads\/2025\/03\/Cream-Colorful-Creative-Mind-Map-A4-Document-2.png","type":"image\/png"}],"twitter_card":"summary_large_image","twitter_misc":{"Dur\u00e9e de lecture estim\u00e9e":"1 minute"},"schema":{"@context":"https:\/\/schema.org","@graph":[{"@type":"WebPage","@id":"https:\/\/maisondelalimentation.fr\/?page_id=5993","url":"https:\/\/maisondelalimentation.fr\/?page_id=5993","name":"Vie de l'association - Maison de l&#039;Alimentation Ambert","isPartOf":{"@id":"https:\/\/maisondelalimentation.fr\/#website"},"primaryImageOfPage":{"@id":"https:\/\/maisondelalimentation.fr\/?page_id=5993#primaryimage"},"image":{"@id":"https:\/\/maisondelalimentation.fr\/?page_id=5993#primaryimage"},"thumbnailUrl":"https:\/\/maisondelalimentation.fr\/wp-content\/uploads\/2025\/03\/Cream-Colorful-Creative-Mind-Map-A4-Document-2-724x1024.png","datePublished":"2025-03-18T13:13:02+00:00","dateModified":"2025-03-24T15:54:34+00:00","breadcrumb":{"@id":"https:\/\/maisondelalimentation.fr\/?page_id=5993#breadcrumb"},"inLanguage":"fr-FR","potentialAction":[{"@type":"ReadAction","target":["https:\/\/maisondelalimentation.fr\/?page_id=5993"]}]},{"@type":"ImageObject","inLanguage":"fr-FR","@id":"https:\/\/maisondelalimentation.fr\/?page_id=5993#primaryimage","url":"https:\/\/maisondelalimentation.fr\/wp-content\/uploads\/2025\/03\/Cream-Colorful-Creative-Mind-Map-A4-Document-2.png","contentUrl":"https:\/\/maisondelalimentation.fr\/wp-content\/uploads\/2025\/03\/Cream-Colorful-Creative-Mind-Map-A4-Document-2.png","width":1414,"height":2000},{"@type":"BreadcrumbList","@id":"https:\/\/maisondelalimentation.fr\/?page_id=5993#breadcrumb","itemListElement":[{"@type":"ListItem","position":1,"name":"Accueil","item":"https:\/\/maisondelalimentation.fr\/"},{"@type":"ListItem","position":2,"name":"Vie de l&rsquo;association"}]},{"@type":"WebSite","@id":"https:\/\/maisondelalimentation.fr\/#website","url":"https:\/\/maisondelalimentation.fr\/","name":"Maison de l&#039;Alimentation Ambert","description":"","publisher":{"@id":"https:\/\/maisondelalimentation.fr\/#organization"},"potentialAction":[{"@type":"SearchAction","target":{"@type":"EntryPoint","urlTemplate":"https:\/\/maisondelalimentation.fr\/?s={search_term_string}"},"query-input":{"@type":"PropertyValueSpecification","valueRequired":true,"valueName":"search_term_string"}}],"inLanguage":"fr-FR"},{"@type":"Organization","@id":"https:\/\/maisondelalimentation.fr\/#organization","name":"Maison de l'Alimentation","url":"https:\/\/maisondelalimentation.fr\/","logo":{"@type":"ImageObject","inLanguage":"fr-FR","@id":"https:\/\/maisondelalimentation.fr\/#\/schema\/logo\/image\/","url":"https:\/\/maisondelalimentation.fr\/wp-content\/uploads\/2022\/06\/cropped-logo_ma_txt.png","contentUrl":"https:\/\/maisondelalimentation.fr\/wp-content\/uploads\/2022\/06\/cropped-logo_ma_txt.png","width":561,"height":200,"caption":"Maison de l'Alimentation"},"image":{"@id":"https:\/\/maisondelalimentation.fr\/#\/schema\/logo\/image\/"}}]}},"publishpress_future_action":{"enabled":false,"date":"2026-04-27 06:34:46","action":"change-status","newStatus":"draft","terms":[],"taxonomy":""},"publishpress_future_workflow_manual_trigger":{"enabledWorkflows":[]},"_links":{"self":[{"href":"https:\/\/maisondelalimentation.fr\/index.php?rest_route=\/wp\/v2\/pages\/5993","targetHints":{"allow":["GET"]}}],"collection":[{"href":"https:\/\/maisondelalimentation.fr\/index.php?rest_route=\/wp\/v2\/pages"}],"about":[{"href":"https:\/\/maisondelalimentation.fr\/index.php?rest_route=\/wp\/v2\/types\/page"}],"author":[{"embeddable":true,"href":"https:\/\/maisondelalimentation.fr\/index.php?rest_route=\/wp\/v2\/users\/1"}],"replies":[{"embeddable":true,"href":"https:\/\/maisondelalimentation.fr\/index.php?rest_route=%2Fwp%2Fv2%2Fcomments&post=5993"}],"version-history":[{"count":26,"href":"https:\/\/maisondelalimentation.fr\/index.php?rest_route=\/wp\/v2\/pages\/5993\/revisions"}],"predecessor-version":[{"id":6103,"href":"https:\/\/maisondelalimentation.fr\/index.php?rest_route=\/wp\/v2\/pages\/5993\/revisions\/6103"}],"wp:attachment":[{"href":"https:\/\/maisondelalimentation.fr\/index.php?rest_route=%2Fwp%2Fv2%2Fmedia&parent=5993"}],"curies":[{"name":"wp","href":"https:\/\/api.w.org\/{rel}","templated":true}]}}