{"id":2824,"date":"2022-11-07T10:23:26","date_gmt":"2022-11-07T09:23:26","guid":{"rendered":"https:\/\/maisondelalimentation.fr\/?page_id=2824"},"modified":"2023-12-13T10:07:34","modified_gmt":"2023-12-13T09:07:34","slug":"coin-lecture","status":"publish","type":"page","link":"https:\/\/maisondelalimentation.fr\/?page_id=2824","title":{"rendered":"coin lecture"},"content":{"rendered":"\t\t<div data-elementor-type=\"wp-page\" data-elementor-id=\"2824\" class=\"elementor elementor-2824\">\n\t\t\t\t\t\t<section class=\"elementor-section elementor-top-section elementor-element elementor-element-a8957ba elementor-section-boxed elementor-section-height-default elementor-section-height-default\" data-id=\"a8957ba\" data-element_type=\"section\">\n\t\t\t\t\t\t<div class=\"elementor-container elementor-column-gap-default\">\n\t\t\t\t\t<div class=\"elementor-column elementor-col-50 elementor-top-column elementor-element elementor-element-5a999a2\" data-id=\"5a999a2\" data-element_type=\"column\">\n\t\t\t<div class=\"elementor-widget-wrap elementor-element-populated\">\n\t\t\t\t\t\t<div class=\"elementor-element elementor-element-8a26fb2 elementor-invisible elementor-widget elementor-widget-image\" data-id=\"8a26fb2\" data-element_type=\"widget\" data-settings=\"{&quot;_animation&quot;:&quot;rollIn&quot;}\" data-widget_type=\"image.default\">\n\t\t\t\t<div class=\"elementor-widget-container\">\n\t\t\t\t\t\t\t\t\t\t\t\t\t\t\t<img fetchpriority=\"high\" decoding=\"async\" width=\"1024\" height=\"768\" src=\"https:\/\/maisondelalimentation.fr\/wp-content\/uploads\/2022\/11\/20221107_100721_mfnr-1024x768.jpg\" class=\"attachment-large size-large wp-image-2832\" alt=\"\" srcset=\"https:\/\/maisondelalimentation.fr\/wp-content\/uploads\/2022\/11\/20221107_100721_mfnr-1024x768.jpg 1024w, https:\/\/maisondelalimentation.fr\/wp-content\/uploads\/2022\/11\/20221107_100721_mfnr-300x225.jpg 300w, https:\/\/maisondelalimentation.fr\/wp-content\/uploads\/2022\/11\/20221107_100721_mfnr-768x576.jpg 768w, https:\/\/maisondelalimentation.fr\/wp-content\/uploads\/2022\/11\/20221107_100721_mfnr-1536x1152.jpg 1536w, https:\/\/maisondelalimentation.fr\/wp-content\/uploads\/2022\/11\/20221107_100721_mfnr-2048x1536.jpg 2048w, https:\/\/maisondelalimentation.fr\/wp-content\/uploads\/2022\/11\/20221107_100721_mfnr-67x50.jpg 67w\" sizes=\"(max-width: 1024px) 100vw, 1024px\" \/>\t\t\t\t\t\t\t\t\t\t\t\t\t\t\t<\/div>\n\t\t\t\t<\/div>\n\t\t\t\t\t<\/div>\n\t\t<\/div>\n\t\t\t\t<div class=\"elementor-column elementor-col-50 elementor-top-column elementor-element elementor-element-4a13baf\" data-id=\"4a13baf\" data-element_type=\"column\">\n\t\t\t<div class=\"elementor-widget-wrap elementor-element-populated\">\n\t\t\t\t\t\t<div class=\"elementor-element elementor-element-af61d50 elementor-invisible elementor-widget elementor-widget-image\" data-id=\"af61d50\" data-element_type=\"widget\" data-settings=\"{&quot;_animation&quot;:&quot;rollIn&quot;}\" data-widget_type=\"image.default\">\n\t\t\t\t<div class=\"elementor-widget-container\">\n\t\t\t\t\t\t\t\t\t\t\t\t\t\t\t<img decoding=\"async\" src=\"https:\/\/maisondelalimentation.fr\/wp-content\/uploads\/elementor\/thumbs\/20221118_163909_mfnr-rotated-pxwf9h5nzhhimmipujuscd6zqwohqkp3d8lowkoya0.jpg\" title=\"20221118_163909_mfnr\" alt=\"20221118_163909_mfnr\" loading=\"lazy\" \/>\t\t\t\t\t\t\t\t\t\t\t\t\t\t\t<\/div>\n\t\t\t\t<\/div>\n\t\t\t\t\t<\/div>\n\t\t<\/div>\n\t\t\t\t\t<\/div>\n\t\t<\/section>\n\t\t\t\t<section class=\"elementor-section elementor-top-section elementor-element elementor-element-a2a7e52 elementor-section-boxed elementor-section-height-default elementor-section-height-default\" data-id=\"a2a7e52\" data-element_type=\"section\">\n\t\t\t\t\t\t<div class=\"elementor-container elementor-column-gap-default\">\n\t\t\t\t\t<div class=\"elementor-column elementor-col-100 elementor-top-column elementor-element elementor-element-0e4ebf5\" data-id=\"0e4ebf5\" data-element_type=\"column\">\n\t\t\t<div class=\"elementor-widget-wrap elementor-element-populated\">\n\t\t\t\t\t\t<div class=\"elementor-element elementor-element-5a40ea6 elementor-widget elementor-widget-spacer\" data-id=\"5a40ea6\" data-element_type=\"widget\" data-widget_type=\"spacer.default\">\n\t\t\t\t<div class=\"elementor-widget-container\">\n\t\t\t\t\t\t\t<div class=\"elementor-spacer\">\n\t\t\t<div class=\"elementor-spacer-inner\"><\/div>\n\t\t<\/div>\n\t\t\t\t\t\t<\/div>\n\t\t\t\t<\/div>\n\t\t\t\t<div class=\"elementor-element elementor-element-77640be elementor-widget elementor-widget-text-editor\" data-id=\"77640be\" data-element_type=\"widget\" data-widget_type=\"text-editor.default\">\n\t\t\t\t<div class=\"elementor-widget-container\">\n\t\t\t\t\t\t\t\t\t<p style=\"text-align: center;\"><span style=\"font-family: courier new, courier, monospace; font-size: 24pt;\"><strong>Le coin lecture<\/strong><\/span><\/p><p class=\"ox-069aa4dae8-ox-d71a212ed0-msonormal\" style=\"text-align: center;\"><span style=\"font-size: 12pt;\">A la Maison de l\u2019Alimentation, on peut y trouver un coin lecture appr\u00e9ci\u00e9 par les b\u00e9n\u00e9ficiaires et les b\u00e9n\u00e9voles !<\/span><\/p><p class=\"ox-069aa4dae8-ox-d71a212ed0-msonormal\" style=\"text-align: center;\"><span style=\"font-size: 12pt;\">Les livres sont enti\u00e8rement \u00e0 votre disposition.<\/span><\/p><p class=\"ox-069aa4dae8-ox-d71a212ed0-msonormal\" style=\"text-align: center;\"><span style=\"font-size: 12pt;\">Si vous avez envie de les garder, c\u2019est possible.<\/span><\/p><p class=\"ox-069aa4dae8-ox-d71a212ed0-msonormal\" style=\"text-align: center;\"><span style=\"font-size: 12pt;\">Si vous souhaitez lire un livre \/ un auteur particulier, nous sommes \u00e0 votre disposition pour vous aider dans votre recherche.<\/span><\/p><p class=\"ox-069aa4dae8-ox-d71a212ed0-msonormal\" style=\"text-align: left;\"><span style=\"font-size: 14pt;\"><strong><span style=\"font-family: courier new, courier, monospace;\">Ren\u00e9e, Chantal et G\u00e9rard<\/span><\/strong><\/span><\/p><p class=\"ox-069aa4dae8-ox-d71a212ed0-msonormal\" style=\"text-align: left;\"><span style=\"font-size: 12pt;\">Les b\u00e9n\u00e9voles charg\u00e9s du coin lecture de la Maison de l\u2019Alimentation<\/span><\/p><p class=\"ox-069aa4dae8-ox-d71a212ed0-msonormal\" style=\"text-align: left;\"><span style=\"font-size: 12pt;\">(Pr\u00e9sents les vendredis matins)<\/span><\/p><p style=\"text-align: center;\"><span style=\"font-size: 12pt;\"><em>\u00ab\u00a0Je n&rsquo;ai jamais eu de chagrin qu&rsquo;une heure de lecture n&rsquo;ait dissip\u00e9. \u00bb <strong>Montesquieu<\/strong><\/em><\/span><\/p>\t\t\t\t\t\t\t\t<\/div>\n\t\t\t\t<\/div>\n\t\t\t\t\t<\/div>\n\t\t<\/div>\n\t\t\t\t\t<\/div>\n\t\t<\/section>\n\t\t\t\t<\/div>\n\t\t","protected":false},"excerpt":{"rendered":"<p>Le coin lecture A la Maison de l\u2019Alimentation, on peut y trouver un coin lecture appr\u00e9ci\u00e9 par les b\u00e9n\u00e9ficiaires et les b\u00e9n\u00e9voles ! Les livres sont enti\u00e8rement \u00e0 votre disposition. Si vous avez envie de les garder, c\u2019est possible. Si vous souhaitez lire un livre \/ un auteur particulier, nous &hellip;<\/p>\n","protected":false},"author":1,"featured_media":0,"parent":0,"menu_order":0,"comment_status":"closed","ping_status":"closed","template":"","meta":{"qubely_global_settings":"","qubely_interactions":"","footnotes":""},"class_list":["post-2824","page","type-page","status-publish","hentry"],"yoast_head":"<!-- This site is optimized with the Yoast SEO plugin v25.1 - https:\/\/yoast.com\/wordpress\/plugins\/seo\/ -->\n<title>coin lecture - Maison de l&#039;Alimentation Ambert<\/title>\n<meta name=\"robots\" content=\"index, follow, max-snippet:-1, max-image-preview:large, max-video-preview:-1\" \/>\n<link rel=\"canonical\" href=\"https:\/\/maisondelalimentation.fr\/?page_id=2824\" \/>\n<meta property=\"og:locale\" content=\"fr_FR\" \/>\n<meta property=\"og:type\" content=\"article\" \/>\n<meta property=\"og:title\" content=\"coin lecture - Maison de l&#039;Alimentation Ambert\" \/>\n<meta property=\"og:description\" content=\"Le coin lecture A la Maison de l\u2019Alimentation, on peut y trouver un coin lecture appr\u00e9ci\u00e9 par les b\u00e9n\u00e9ficiaires et les b\u00e9n\u00e9voles ! Les livres sont enti\u00e8rement \u00e0 votre disposition. Si vous avez envie de les garder, c\u2019est possible. Si vous souhaitez lire un livre \/ un auteur particulier, nous &hellip;\" \/>\n<meta property=\"og:url\" content=\"https:\/\/maisondelalimentation.fr\/?page_id=2824\" \/>\n<meta property=\"og:site_name\" content=\"Maison de l&#039;Alimentation Ambert\" \/>\n<meta property=\"article:modified_time\" content=\"2023-12-13T09:07:34+00:00\" \/>\n<meta property=\"og:image\" content=\"https:\/\/maisondelalimentation.fr\/wp-content\/uploads\/2022\/11\/20221107_100721_mfnr-1024x768.jpg\" \/>\n<meta name=\"twitter:card\" content=\"summary_large_image\" \/>\n<meta name=\"twitter:label1\" content=\"Dur\u00e9e de lecture estim\u00e9e\" \/>\n\t<meta name=\"twitter:data1\" content=\"1 minute\" \/>\n<script type=\"application\/ld+json\" class=\"yoast-schema-graph\">{\"@context\":\"https:\/\/schema.org\",\"@graph\":[{\"@type\":\"WebPage\",\"@id\":\"https:\/\/maisondelalimentation.fr\/?page_id=2824\",\"url\":\"https:\/\/maisondelalimentation.fr\/?page_id=2824\",\"name\":\"coin lecture - Maison de l&#039;Alimentation Ambert\",\"isPartOf\":{\"@id\":\"https:\/\/maisondelalimentation.fr\/#website\"},\"primaryImageOfPage\":{\"@id\":\"https:\/\/maisondelalimentation.fr\/?page_id=2824#primaryimage\"},\"image\":{\"@id\":\"https:\/\/maisondelalimentation.fr\/?page_id=2824#primaryimage\"},\"thumbnailUrl\":\"https:\/\/maisondelalimentation.fr\/wp-content\/uploads\/2022\/11\/20221107_100721_mfnr-1024x768.jpg\",\"datePublished\":\"2022-11-07T09:23:26+00:00\",\"dateModified\":\"2023-12-13T09:07:34+00:00\",\"breadcrumb\":{\"@id\":\"https:\/\/maisondelalimentation.fr\/?page_id=2824#breadcrumb\"},\"inLanguage\":\"fr-FR\",\"potentialAction\":[{\"@type\":\"ReadAction\",\"target\":[\"https:\/\/maisondelalimentation.fr\/?page_id=2824\"]}]},{\"@type\":\"ImageObject\",\"inLanguage\":\"fr-FR\",\"@id\":\"https:\/\/maisondelalimentation.fr\/?page_id=2824#primaryimage\",\"url\":\"https:\/\/maisondelalimentation.fr\/wp-content\/uploads\/2022\/11\/20221107_100721_mfnr.jpg\",\"contentUrl\":\"https:\/\/maisondelalimentation.fr\/wp-content\/uploads\/2022\/11\/20221107_100721_mfnr.jpg\",\"width\":2080,\"height\":1560},{\"@type\":\"BreadcrumbList\",\"@id\":\"https:\/\/maisondelalimentation.fr\/?page_id=2824#breadcrumb\",\"itemListElement\":[{\"@type\":\"ListItem\",\"position\":1,\"name\":\"Accueil\",\"item\":\"https:\/\/maisondelalimentation.fr\/\"},{\"@type\":\"ListItem\",\"position\":2,\"name\":\"coin lecture\"}]},{\"@type\":\"WebSite\",\"@id\":\"https:\/\/maisondelalimentation.fr\/#website\",\"url\":\"https:\/\/maisondelalimentation.fr\/\",\"name\":\"Maison de l&#039;Alimentation Ambert\",\"description\":\"\",\"publisher\":{\"@id\":\"https:\/\/maisondelalimentation.fr\/#organization\"},\"potentialAction\":[{\"@type\":\"SearchAction\",\"target\":{\"@type\":\"EntryPoint\",\"urlTemplate\":\"https:\/\/maisondelalimentation.fr\/?s={search_term_string}\"},\"query-input\":{\"@type\":\"PropertyValueSpecification\",\"valueRequired\":true,\"valueName\":\"search_term_string\"}}],\"inLanguage\":\"fr-FR\"},{\"@type\":\"Organization\",\"@id\":\"https:\/\/maisondelalimentation.fr\/#organization\",\"name\":\"Maison de l'Alimentation\",\"url\":\"https:\/\/maisondelalimentation.fr\/\",\"logo\":{\"@type\":\"ImageObject\",\"inLanguage\":\"fr-FR\",\"@id\":\"https:\/\/maisondelalimentation.fr\/#\/schema\/logo\/image\/\",\"url\":\"https:\/\/maisondelalimentation.fr\/wp-content\/uploads\/2022\/06\/cropped-logo_ma_txt.png\",\"contentUrl\":\"https:\/\/maisondelalimentation.fr\/wp-content\/uploads\/2022\/06\/cropped-logo_ma_txt.png\",\"width\":561,\"height\":200,\"caption\":\"Maison de l'Alimentation\"},\"image\":{\"@id\":\"https:\/\/maisondelalimentation.fr\/#\/schema\/logo\/image\/\"}}]}<\/script>\n<!-- \/ Yoast SEO plugin. -->","yoast_head_json":{"title":"coin lecture - Maison de l&#039;Alimentation Ambert","robots":{"index":"index","follow":"follow","max-snippet":"max-snippet:-1","max-image-preview":"max-image-preview:large","max-video-preview":"max-video-preview:-1"},"canonical":"https:\/\/maisondelalimentation.fr\/?page_id=2824","og_locale":"fr_FR","og_type":"article","og_title":"coin lecture - Maison de l&#039;Alimentation Ambert","og_description":"Le coin lecture A la Maison de l\u2019Alimentation, on peut y trouver un coin lecture appr\u00e9ci\u00e9 par les b\u00e9n\u00e9ficiaires et les b\u00e9n\u00e9voles ! Les livres sont enti\u00e8rement \u00e0 votre disposition. Si vous avez envie de les garder, c\u2019est possible. Si vous souhaitez lire un livre \/ un auteur particulier, nous &hellip;","og_url":"https:\/\/maisondelalimentation.fr\/?page_id=2824","og_site_name":"Maison de l&#039;Alimentation Ambert","article_modified_time":"2023-12-13T09:07:34+00:00","og_image":[{"url":"https:\/\/maisondelalimentation.fr\/wp-content\/uploads\/2022\/11\/20221107_100721_mfnr-1024x768.jpg","type":"","width":"","height":""}],"twitter_card":"summary_large_image","twitter_misc":{"Dur\u00e9e de lecture estim\u00e9e":"1 minute"},"schema":{"@context":"https:\/\/schema.org","@graph":[{"@type":"WebPage","@id":"https:\/\/maisondelalimentation.fr\/?page_id=2824","url":"https:\/\/maisondelalimentation.fr\/?page_id=2824","name":"coin lecture - Maison de l&#039;Alimentation Ambert","isPartOf":{"@id":"https:\/\/maisondelalimentation.fr\/#website"},"primaryImageOfPage":{"@id":"https:\/\/maisondelalimentation.fr\/?page_id=2824#primaryimage"},"image":{"@id":"https:\/\/maisondelalimentation.fr\/?page_id=2824#primaryimage"},"thumbnailUrl":"https:\/\/maisondelalimentation.fr\/wp-content\/uploads\/2022\/11\/20221107_100721_mfnr-1024x768.jpg","datePublished":"2022-11-07T09:23:26+00:00","dateModified":"2023-12-13T09:07:34+00:00","breadcrumb":{"@id":"https:\/\/maisondelalimentation.fr\/?page_id=2824#breadcrumb"},"inLanguage":"fr-FR","potentialAction":[{"@type":"ReadAction","target":["https:\/\/maisondelalimentation.fr\/?page_id=2824"]}]},{"@type":"ImageObject","inLanguage":"fr-FR","@id":"https:\/\/maisondelalimentation.fr\/?page_id=2824#primaryimage","url":"https:\/\/maisondelalimentation.fr\/wp-content\/uploads\/2022\/11\/20221107_100721_mfnr.jpg","contentUrl":"https:\/\/maisondelalimentation.fr\/wp-content\/uploads\/2022\/11\/20221107_100721_mfnr.jpg","width":2080,"height":1560},{"@type":"BreadcrumbList","@id":"https:\/\/maisondelalimentation.fr\/?page_id=2824#breadcrumb","itemListElement":[{"@type":"ListItem","position":1,"name":"Accueil","item":"https:\/\/maisondelalimentation.fr\/"},{"@type":"ListItem","position":2,"name":"coin lecture"}]},{"@type":"WebSite","@id":"https:\/\/maisondelalimentation.fr\/#website","url":"https:\/\/maisondelalimentation.fr\/","name":"Maison de l&#039;Alimentation Ambert","description":"","publisher":{"@id":"https:\/\/maisondelalimentation.fr\/#organization"},"potentialAction":[{"@type":"SearchAction","target":{"@type":"EntryPoint","urlTemplate":"https:\/\/maisondelalimentation.fr\/?s={search_term_string}"},"query-input":{"@type":"PropertyValueSpecification","valueRequired":true,"valueName":"search_term_string"}}],"inLanguage":"fr-FR"},{"@type":"Organization","@id":"https:\/\/maisondelalimentation.fr\/#organization","name":"Maison de l'Alimentation","url":"https:\/\/maisondelalimentation.fr\/","logo":{"@type":"ImageObject","inLanguage":"fr-FR","@id":"https:\/\/maisondelalimentation.fr\/#\/schema\/logo\/image\/","url":"https:\/\/maisondelalimentation.fr\/wp-content\/uploads\/2022\/06\/cropped-logo_ma_txt.png","contentUrl":"https:\/\/maisondelalimentation.fr\/wp-content\/uploads\/2022\/06\/cropped-logo_ma_txt.png","width":561,"height":200,"caption":"Maison de l'Alimentation"},"image":{"@id":"https:\/\/maisondelalimentation.fr\/#\/schema\/logo\/image\/"}}]}},"publishpress_future_action":{"enabled":false,"date":"2026-04-16 06:40:53","action":"change-status","newStatus":"draft","terms":[],"taxonomy":""},"publishpress_future_workflow_manual_trigger":{"enabledWorkflows":[]},"_links":{"self":[{"href":"https:\/\/maisondelalimentation.fr\/index.php?rest_route=\/wp\/v2\/pages\/2824","targetHints":{"allow":["GET"]}}],"collection":[{"href":"https:\/\/maisondelalimentation.fr\/index.php?rest_route=\/wp\/v2\/pages"}],"about":[{"href":"https:\/\/maisondelalimentation.fr\/index.php?rest_route=\/wp\/v2\/types\/page"}],"author":[{"embeddable":true,"href":"https:\/\/maisondelalimentation.fr\/index.php?rest_route=\/wp\/v2\/users\/1"}],"replies":[{"embeddable":true,"href":"https:\/\/maisondelalimentation.fr\/index.php?rest_route=%2Fwp%2Fv2%2Fcomments&post=2824"}],"version-history":[{"count":15,"href":"https:\/\/maisondelalimentation.fr\/index.php?rest_route=\/wp\/v2\/pages\/2824\/revisions"}],"predecessor-version":[{"id":4662,"href":"https:\/\/maisondelalimentation.fr\/index.php?rest_route=\/wp\/v2\/pages\/2824\/revisions\/4662"}],"wp:attachment":[{"href":"https:\/\/maisondelalimentation.fr\/index.php?rest_route=%2Fwp%2Fv2%2Fmedia&parent=2824"}],"curies":[{"name":"wp","href":"https:\/\/api.w.org\/{rel}","templated":true}]}}