{"id":137,"date":"2022-06-05T14:21:53","date_gmt":"2022-06-05T12:21:53","guid":{"rendered":"http:\/\/aal63.free.fr\/2\/?page_id=137"},"modified":"2025-03-24T16:17:19","modified_gmt":"2025-03-24T15:17:19","slug":"accueil","status":"publish","type":"page","link":"https:\/\/maisondelalimentation.fr\/","title":{"rendered":"Accueil"},"content":{"rendered":"\t\t<div data-elementor-type=\"wp-page\" data-elementor-id=\"137\" class=\"elementor elementor-137\">\n\t\t\t\t\t\t<section class=\"elementor-section elementor-top-section elementor-element elementor-element-bf0e85a elementor-section-boxed elementor-section-height-default elementor-section-height-default\" data-id=\"bf0e85a\" data-element_type=\"section\">\n\t\t\t\t\t\t<div class=\"elementor-container elementor-column-gap-default\">\n\t\t\t\t\t<div class=\"elementor-column elementor-col-100 elementor-top-column elementor-element elementor-element-e6c47d3\" data-id=\"e6c47d3\" data-element_type=\"column\">\n\t\t\t<div class=\"elementor-widget-wrap elementor-element-populated\">\n\t\t\t\t\t\t<div class=\"elementor-element elementor-element-3d63aac elementor-widget elementor-widget-text-editor\" data-id=\"3d63aac\" data-element_type=\"widget\" data-widget_type=\"text-editor.default\">\n\t\t\t\t<div class=\"elementor-widget-container\">\n\t\t\t\t\t\t\t\t\t<p style=\"text-align: justify;\"><span style=\"font-family: arial, helvetica, sans-serif; font-size: 12pt;\">La Maison de l\u2019Alimentation d\u2019Ambert est une association dont l\u2019objectif est de <strong>fournir une aide alimentaire ponctuelle \u00e0 des personnes en difficult\u00e9<\/strong>. Ces derni\u00e8res peuvent ainsi se procurer des <strong>produits alimentaires, d&rsquo;hygi\u00e8ne et d&rsquo;entretien \u00e0 prix r\u00e9duit<\/strong>. <br \/><\/span><\/p><p style=\"text-align: justify;\"><span style=\"font-size: 12pt; font-family: arial, helvetica, sans-serif;\">Cette \u00e9picerie solidaire a \u00e9t\u00e9 cr\u00e9\u00e9e en 2009.<br \/><\/span><\/p><p style=\"text-align: justify;\"><span style=\"font-size: 12pt; font-family: arial, helvetica, sans-serif;\">En pratique, elle donne la possibilit\u00e9 aux personnes :<br \/><\/span><\/p><ul><li style=\"text-align: justify;\"><span style=\"font-size: 12pt; font-family: arial, helvetica, sans-serif;\">d&rsquo;avoir acc\u00e8s \u00e0 une <strong>alimentation de qualit\u00e9 et \u00e0 moindre co\u00fbt<\/strong> (prix de vente entre 10 \u00e0 30 % du prix du march\u00e9)<\/span><\/li><li style=\"text-align: justify;\"><span style=\"font-size: 12pt; font-family: arial, helvetica, sans-serif;\">de <strong>r\u00e9aliser des \u00e9conomies qui auront pour but d&rsquo;atteindre un ou des objectifs<\/strong>, tels que r\u00e8glement de dette(s), apurement du d\u00e9couvert bancaire, r\u00e9paration de la voiture, remplacement d\u2019un appareil \u00e9lectro-m\u00e9nager, etc&#8230;<\/span><span style=\"font-size: 12pt; font-family: arial, helvetica, sans-serif;\"><br \/><\/span><\/li><\/ul>\t\t\t\t\t\t\t\t<\/div>\n\t\t\t\t<\/div>\n\t\t\t\t\t<\/div>\n\t\t<\/div>\n\t\t\t\t\t<\/div>\n\t\t<\/section>\n\t\t\t\t<section class=\"elementor-section elementor-top-section elementor-element elementor-element-c04c475 elementor-section-boxed elementor-section-height-default elementor-section-height-default\" data-id=\"c04c475\" data-element_type=\"section\" data-settings=\"{&quot;background_background&quot;:&quot;classic&quot;}\">\n\t\t\t\t\t\t\t<div class=\"elementor-background-overlay\"><\/div>\n\t\t\t\t\t\t\t<div class=\"elementor-container elementor-column-gap-default\">\n\t\t\t\t\t<div class=\"elementor-column elementor-col-50 elementor-top-column elementor-element elementor-element-ff7fc4a\" data-id=\"ff7fc4a\" data-element_type=\"column\">\n\t\t\t<div class=\"elementor-widget-wrap elementor-element-populated\">\n\t\t\t\t\t\t<div class=\"elementor-element elementor-element-2179276 elementor-widget elementor-widget-image\" data-id=\"2179276\" data-element_type=\"widget\" data-widget_type=\"image.default\">\n\t\t\t\t<div class=\"elementor-widget-container\">\n\t\t\t\t\t\t\t\t\t\t\t\t\t\t\t<img fetchpriority=\"high\" decoding=\"async\" width=\"1024\" height=\"683\" src=\"https:\/\/maisondelalimentation.fr\/wp-content\/uploads\/2022\/12\/Epicerie-1024x683.jpg\" class=\"attachment-large size-large wp-image-3153\" alt=\"\" srcset=\"https:\/\/maisondelalimentation.fr\/wp-content\/uploads\/2022\/12\/Epicerie-1024x683.jpg 1024w, https:\/\/maisondelalimentation.fr\/wp-content\/uploads\/2022\/12\/Epicerie-300x200.jpg 300w, https:\/\/maisondelalimentation.fr\/wp-content\/uploads\/2022\/12\/Epicerie-768x512.jpg 768w, https:\/\/maisondelalimentation.fr\/wp-content\/uploads\/2022\/12\/Epicerie-1536x1024.jpg 1536w, https:\/\/maisondelalimentation.fr\/wp-content\/uploads\/2022\/12\/Epicerie-2048x1365.jpg 2048w, https:\/\/maisondelalimentation.fr\/wp-content\/uploads\/2022\/12\/Epicerie-1200x800.jpg 1200w, https:\/\/maisondelalimentation.fr\/wp-content\/uploads\/2022\/12\/Epicerie-75x50.jpg 75w\" sizes=\"(max-width: 1024px) 100vw, 1024px\" \/>\t\t\t\t\t\t\t\t\t\t\t\t\t\t\t<\/div>\n\t\t\t\t<\/div>\n\t\t\t\t\t<\/div>\n\t\t<\/div>\n\t\t\t\t<div class=\"elementor-column elementor-col-50 elementor-top-column elementor-element elementor-element-dd5410d\" data-id=\"dd5410d\" data-element_type=\"column\">\n\t\t\t<div class=\"elementor-widget-wrap elementor-element-populated\">\n\t\t\t\t\t\t<div class=\"elementor-element elementor-element-bbba85b elementor-widget elementor-widget-text-editor\" data-id=\"bbba85b\" data-element_type=\"widget\" data-widget_type=\"text-editor.default\">\n\t\t\t\t<div class=\"elementor-widget-container\">\n\t\t\t\t\t\t\t\t\t<p><span style=\"font-family: arial, helvetica, sans-serif; font-size: 18pt; color: #000000;\"><strong>C&rsquo;EST QUOI ?<\/strong><\/span><\/p><p><span style=\"font-family: comic sans ms, sans-serif; color: #000000; font-size: 12pt;\">Un lieu de vente<\/span><\/p><p><span style=\"font-family: comic sans ms, sans-serif; color: #000000; font-size: 12pt;\">Un espace d&rsquo;accueil, d&rsquo;\u00e9change et de convivialit\u00e9<\/span><\/p><p><span style=\"font-family: comic sans ms, sans-serif; color: #000000; font-size: 12pt;\">L&rsquo;accompagnement dans un projet personnalis\u00e9<\/span><\/p><p><span style=\"font-family: comic sans ms, sans-serif; color: #000000; font-size: 12pt;\">La participation \u00e0 des ateliers collectifs<\/span><\/p>\t\t\t\t\t\t\t\t<\/div>\n\t\t\t\t<\/div>\n\t\t\t\t\t<\/div>\n\t\t<\/div>\n\t\t\t\t\t<\/div>\n\t\t<\/section>\n\t\t\t\t<section class=\"elementor-section elementor-top-section elementor-element elementor-element-3a20019 elementor-reverse-mobile elementor-section-boxed elementor-section-height-default elementor-section-height-default\" data-id=\"3a20019\" data-element_type=\"section\" data-settings=\"{&quot;background_background&quot;:&quot;classic&quot;}\">\n\t\t\t\t\t\t<div class=\"elementor-container elementor-column-gap-default\">\n\t\t\t\t\t<div class=\"elementor-column elementor-col-50 elementor-top-column elementor-element elementor-element-a1a81ae\" data-id=\"a1a81ae\" data-element_type=\"column\">\n\t\t\t<div class=\"elementor-widget-wrap elementor-element-populated\">\n\t\t\t\t\t\t<div class=\"elementor-element elementor-element-5b92ecd elementor-widget elementor-widget-text-editor\" data-id=\"5b92ecd\" data-element_type=\"widget\" data-widget_type=\"text-editor.default\">\n\t\t\t\t<div class=\"elementor-widget-container\">\n\t\t\t\t\t\t\t\t\t<p><span style=\"color: #000000;\"><strong><span style=\"font-family: arial, helvetica, sans-serif; font-size: 18pt;\">POURQUOI ?<\/span><\/strong><\/span><\/p><p><span style=\"font-family: comic sans ms, sans-serif; color: #000000; font-size: 12pt;\">Pour se nourrir correctement<\/span><\/p><p><span style=\"font-family: comic sans ms, sans-serif; color: #000000; font-size: 12pt;\">Pour acc\u00e9der \u00e0 des produits d&rsquo;entretien et d&rsquo;hygi\u00e8ne<\/span><\/p><p><span style=\"font-family: comic sans ms, sans-serif; color: #000000; font-size: 12pt;\">Pour \u00e9conomiser pour un projet (paiement d&rsquo;une facture, apurement du d\u00e9couvert bancaire, &#8230;)<\/span><\/p><p><span style=\"font-family: comic sans ms, sans-serif; color: #000000; font-size: 12pt;\">Pour cr\u00e9er, recr\u00e9er du lien social<\/span><\/p>\t\t\t\t\t\t\t\t<\/div>\n\t\t\t\t<\/div>\n\t\t\t\t\t<\/div>\n\t\t<\/div>\n\t\t\t\t<div class=\"elementor-column elementor-col-50 elementor-top-column elementor-element elementor-element-8ececa8\" data-id=\"8ececa8\" data-element_type=\"column\">\n\t\t\t<div class=\"elementor-widget-wrap elementor-element-populated\">\n\t\t\t\t\t\t<div class=\"elementor-element elementor-element-081a57a elementor-widget elementor-widget-image\" data-id=\"081a57a\" data-element_type=\"widget\" data-widget_type=\"image.default\">\n\t\t\t\t<div class=\"elementor-widget-container\">\n\t\t\t\t\t\t\t\t\t\t\t\t\t\t\t<img decoding=\"async\" width=\"1200\" height=\"800\" src=\"https:\/\/maisondelalimentation.fr\/wp-content\/uploads\/2022\/12\/Epicerie-3-1200x800.jpg\" class=\"attachment-ultp_layout_landscape_large size-ultp_layout_landscape_large wp-image-3159\" alt=\"\" \/>\t\t\t\t\t\t\t\t\t\t\t\t\t\t\t<\/div>\n\t\t\t\t<\/div>\n\t\t\t\t\t<\/div>\n\t\t<\/div>\n\t\t\t\t\t<\/div>\n\t\t<\/section>\n\t\t\t\t<section class=\"elementor-section elementor-top-section elementor-element elementor-element-b106526 elementor-section-boxed elementor-section-height-default elementor-section-height-default\" data-id=\"b106526\" data-element_type=\"section\" data-settings=\"{&quot;background_background&quot;:&quot;classic&quot;}\">\n\t\t\t\t\t\t<div class=\"elementor-container elementor-column-gap-default\">\n\t\t\t\t\t<div class=\"elementor-column elementor-col-50 elementor-top-column elementor-element elementor-element-0e770ae\" data-id=\"0e770ae\" data-element_type=\"column\">\n\t\t\t<div class=\"elementor-widget-wrap elementor-element-populated\">\n\t\t\t\t\t\t<div class=\"elementor-element elementor-element-8b01450 elementor-widget elementor-widget-image\" data-id=\"8b01450\" data-element_type=\"widget\" data-widget_type=\"image.default\">\n\t\t\t\t<div class=\"elementor-widget-container\">\n\t\t\t\t\t\t\t\t\t\t\t\t\t\t\t<img decoding=\"async\" width=\"240\" height=\"90\" src=\"https:\/\/maisondelalimentation.fr\/wp-content\/uploads\/2022\/06\/logo-ambert-lviradois-forez.png\" class=\"attachment-ultp_layout_landscape size-ultp_layout_landscape wp-image-636\" alt=\"\" \/>\t\t\t\t\t\t\t\t\t\t\t\t\t\t\t<\/div>\n\t\t\t\t<\/div>\n\t\t\t\t\t<\/div>\n\t\t<\/div>\n\t\t\t\t<div class=\"elementor-column elementor-col-50 elementor-top-column elementor-element elementor-element-74287ca\" data-id=\"74287ca\" data-element_type=\"column\">\n\t\t\t<div class=\"elementor-widget-wrap elementor-element-populated\">\n\t\t\t\t\t\t<div class=\"elementor-element elementor-element-c0157bf elementor-widget elementor-widget-text-editor\" data-id=\"c0157bf\" data-element_type=\"widget\" data-widget_type=\"text-editor.default\">\n\t\t\t\t<div class=\"elementor-widget-container\">\n\t\t\t\t\t\t\t\t\t<p><span style=\"font-family: arial, helvetica, sans-serif; font-size: 18pt; color: #000000;\"><strong>POUR QUI ?<\/strong><\/span><\/p><p><span style=\"font-family: comic sans ms, sans-serif; font-size: 12pt; color: #000000;\">Pour les personnes r\u00e9sidant dans la Communaut\u00e9 de Communes Ambert Livradois Forez, orient\u00e9es par les travailleurs sociaux (Maison des Solidarit\u00e9s d&rsquo;Ambert, MSA, UDAF, &#8230;)<\/span><\/p><p><span style=\"font-family: comic sans ms, sans-serif; font-size: 12pt; color: #000000;\">Pour les personnes motiv\u00e9es \u00e0 atteindre leur(s) objectif(s)<\/span><\/p>\t\t\t\t\t\t\t\t<\/div>\n\t\t\t\t<\/div>\n\t\t\t\t\t<\/div>\n\t\t<\/div>\n\t\t\t\t\t<\/div>\n\t\t<\/section>\n\t\t\t\t<section class=\"elementor-section elementor-top-section elementor-element elementor-element-92b8082 elementor-reverse-mobile elementor-section-boxed elementor-section-height-default elementor-section-height-default\" data-id=\"92b8082\" data-element_type=\"section\" data-settings=\"{&quot;background_background&quot;:&quot;classic&quot;}\">\n\t\t\t\t\t\t<div class=\"elementor-container elementor-column-gap-default\">\n\t\t\t\t\t<div class=\"elementor-column elementor-col-50 elementor-top-column elementor-element elementor-element-2326c18\" data-id=\"2326c18\" data-element_type=\"column\">\n\t\t\t<div class=\"elementor-widget-wrap elementor-element-populated\">\n\t\t\t\t\t\t<div class=\"elementor-element elementor-element-b685879 elementor-widget elementor-widget-text-editor\" data-id=\"b685879\" data-element_type=\"widget\" data-widget_type=\"text-editor.default\">\n\t\t\t\t<div class=\"elementor-widget-container\">\n\t\t\t\t\t\t\t\t\t<p><span style=\"font-size: 18pt; font-family: arial, helvetica, sans-serif; color: #000000;\"><strong>AVEC QUI ?<\/strong><\/span><\/p><p><span style=\"font-size: 12pt; font-family: comic sans ms, sans-serif; color: #000000;\">Une \u00e9quipe de 53 b\u00e9n\u00e9voles accueillants<\/span><\/p><p><span style=\"font-size: 12pt; font-family: comic sans ms, sans-serif; color: #000000;\">Une travailleuse sociale<\/span><\/p>\t\t\t\t\t\t\t\t<\/div>\n\t\t\t\t<\/div>\n\t\t\t\t\t<\/div>\n\t\t<\/div>\n\t\t\t\t<div class=\"elementor-column elementor-col-50 elementor-top-column elementor-element elementor-element-3d2da00\" data-id=\"3d2da00\" data-element_type=\"column\">\n\t\t\t<div class=\"elementor-widget-wrap elementor-element-populated\">\n\t\t\t\t\t\t<div class=\"elementor-element elementor-element-8e3a224 elementor-widget elementor-widget-image\" data-id=\"8e3a224\" data-element_type=\"widget\" data-widget_type=\"image.default\">\n\t\t\t\t<div class=\"elementor-widget-container\">\n\t\t\t\t\t\t\t\t\t\t\t\t\t\t\t<img loading=\"lazy\" decoding=\"async\" width=\"1024\" height=\"683\" src=\"https:\/\/maisondelalimentation.fr\/wp-content\/uploads\/2025\/02\/Tri-de-la-livraison-de-la-Banque-Alimentaire-par-les-benevoles-1024x683.jpg\" class=\"attachment-large size-large wp-image-5735\" alt=\"\" srcset=\"https:\/\/maisondelalimentation.fr\/wp-content\/uploads\/2025\/02\/Tri-de-la-livraison-de-la-Banque-Alimentaire-par-les-benevoles-1024x683.jpg 1024w, https:\/\/maisondelalimentation.fr\/wp-content\/uploads\/2025\/02\/Tri-de-la-livraison-de-la-Banque-Alimentaire-par-les-benevoles-300x200.jpg 300w, https:\/\/maisondelalimentation.fr\/wp-content\/uploads\/2025\/02\/Tri-de-la-livraison-de-la-Banque-Alimentaire-par-les-benevoles-768x512.jpg 768w, https:\/\/maisondelalimentation.fr\/wp-content\/uploads\/2025\/02\/Tri-de-la-livraison-de-la-Banque-Alimentaire-par-les-benevoles-1536x1024.jpg 1536w, https:\/\/maisondelalimentation.fr\/wp-content\/uploads\/2025\/02\/Tri-de-la-livraison-de-la-Banque-Alimentaire-par-les-benevoles-2048x1365.jpg 2048w, https:\/\/maisondelalimentation.fr\/wp-content\/uploads\/2025\/02\/Tri-de-la-livraison-de-la-Banque-Alimentaire-par-les-benevoles-1200x800.jpg 1200w, https:\/\/maisondelalimentation.fr\/wp-content\/uploads\/2025\/02\/Tri-de-la-livraison-de-la-Banque-Alimentaire-par-les-benevoles-75x50.jpg 75w\" sizes=\"(max-width: 1024px) 100vw, 1024px\" \/>\t\t\t\t\t\t\t\t\t\t\t\t\t\t\t<\/div>\n\t\t\t\t<\/div>\n\t\t\t\t\t<\/div>\n\t\t<\/div>\n\t\t\t\t\t<\/div>\n\t\t<\/section>\n\t\t\t\t<\/div>\n\t\t","protected":false},"excerpt":{"rendered":"<p>La Maison de l\u2019Alimentation d\u2019Ambert est une association dont l\u2019objectif est de fournir une aide alimentaire ponctuelle \u00e0 des personnes en difficult\u00e9. Ces derni\u00e8res peuvent ainsi se procurer des produits alimentaires, d&rsquo;hygi\u00e8ne et d&rsquo;entretien \u00e0 prix r\u00e9duit. Cette \u00e9picerie solidaire a \u00e9t\u00e9 cr\u00e9\u00e9e en 2009. En pratique, elle donne la &hellip;<\/p>\n","protected":false},"author":1,"featured_media":0,"parent":0,"menu_order":0,"comment_status":"closed","ping_status":"closed","template":"","meta":{"qubely_global_settings":"","qubely_interactions":"","footnotes":""},"class_list":["post-137","page","type-page","status-publish","hentry"],"yoast_head":"<!-- This site is optimized with the Yoast SEO plugin v25.1 - https:\/\/yoast.com\/wordpress\/plugins\/seo\/ -->\n<title>Accueil - Maison de l&#039;Alimentation Ambert<\/title>\n<meta name=\"robots\" content=\"index, follow, max-snippet:-1, max-image-preview:large, max-video-preview:-1\" \/>\n<link rel=\"canonical\" href=\"https:\/\/maisondelalimentation.fr\/\" \/>\n<meta property=\"og:locale\" content=\"fr_FR\" \/>\n<meta property=\"og:type\" content=\"article\" \/>\n<meta property=\"og:title\" content=\"Accueil - Maison de l&#039;Alimentation Ambert\" \/>\n<meta property=\"og:description\" content=\"La Maison de l\u2019Alimentation d\u2019Ambert est une association dont l\u2019objectif est de fournir une aide alimentaire ponctuelle \u00e0 des personnes en difficult\u00e9. Ces derni\u00e8res peuvent ainsi se procurer des produits alimentaires, d&rsquo;hygi\u00e8ne et d&rsquo;entretien \u00e0 prix r\u00e9duit. Cette \u00e9picerie solidaire a \u00e9t\u00e9 cr\u00e9\u00e9e en 2009. En pratique, elle donne la &hellip;\" \/>\n<meta property=\"og:url\" content=\"https:\/\/maisondelalimentation.fr\/\" \/>\n<meta property=\"og:site_name\" content=\"Maison de l&#039;Alimentation Ambert\" \/>\n<meta property=\"article:modified_time\" content=\"2025-03-24T15:17:19+00:00\" \/>\n<meta property=\"og:image\" content=\"https:\/\/maisondelalimentation.fr\/wp-content\/uploads\/2022\/12\/Epicerie-scaled.jpg\" \/>\n\t<meta property=\"og:image:width\" content=\"2560\" \/>\n\t<meta property=\"og:image:height\" content=\"1707\" \/>\n\t<meta property=\"og:image:type\" content=\"image\/jpeg\" \/>\n<meta name=\"twitter:card\" content=\"summary_large_image\" \/>\n<meta name=\"twitter:label1\" content=\"Dur\u00e9e de lecture estim\u00e9e\" \/>\n\t<meta name=\"twitter:data1\" content=\"2 minutes\" \/>\n<script type=\"application\/ld+json\" class=\"yoast-schema-graph\">{\"@context\":\"https:\/\/schema.org\",\"@graph\":[{\"@type\":\"WebPage\",\"@id\":\"https:\/\/maisondelalimentation.fr\/\",\"url\":\"https:\/\/maisondelalimentation.fr\/\",\"name\":\"Accueil - Maison de l&#039;Alimentation Ambert\",\"isPartOf\":{\"@id\":\"https:\/\/maisondelalimentation.fr\/#website\"},\"primaryImageOfPage\":{\"@id\":\"https:\/\/maisondelalimentation.fr\/#primaryimage\"},\"image\":{\"@id\":\"https:\/\/maisondelalimentation.fr\/#primaryimage\"},\"thumbnailUrl\":\"https:\/\/maisondelalimentation.fr\/wp-content\/uploads\/2022\/12\/Epicerie-1024x683.jpg\",\"datePublished\":\"2022-06-05T12:21:53+00:00\",\"dateModified\":\"2025-03-24T15:17:19+00:00\",\"breadcrumb\":{\"@id\":\"https:\/\/maisondelalimentation.fr\/#breadcrumb\"},\"inLanguage\":\"fr-FR\",\"potentialAction\":[{\"@type\":\"ReadAction\",\"target\":[\"https:\/\/maisondelalimentation.fr\/\"]}]},{\"@type\":\"ImageObject\",\"inLanguage\":\"fr-FR\",\"@id\":\"https:\/\/maisondelalimentation.fr\/#primaryimage\",\"url\":\"https:\/\/maisondelalimentation.fr\/wp-content\/uploads\/2022\/12\/Epicerie-scaled.jpg\",\"contentUrl\":\"https:\/\/maisondelalimentation.fr\/wp-content\/uploads\/2022\/12\/Epicerie-scaled.jpg\",\"width\":2560,\"height\":1707},{\"@type\":\"BreadcrumbList\",\"@id\":\"https:\/\/maisondelalimentation.fr\/#breadcrumb\",\"itemListElement\":[{\"@type\":\"ListItem\",\"position\":1,\"name\":\"Accueil\",\"item\":\"https:\/\/maisondelalimentation.fr\/\"},{\"@type\":\"ListItem\",\"position\":2,\"name\":\"Accueil\"}]},{\"@type\":\"WebSite\",\"@id\":\"https:\/\/maisondelalimentation.fr\/#website\",\"url\":\"https:\/\/maisondelalimentation.fr\/\",\"name\":\"Maison de l&#039;Alimentation Ambert\",\"description\":\"\",\"publisher\":{\"@id\":\"https:\/\/maisondelalimentation.fr\/#organization\"},\"potentialAction\":[{\"@type\":\"SearchAction\",\"target\":{\"@type\":\"EntryPoint\",\"urlTemplate\":\"https:\/\/maisondelalimentation.fr\/?s={search_term_string}\"},\"query-input\":{\"@type\":\"PropertyValueSpecification\",\"valueRequired\":true,\"valueName\":\"search_term_string\"}}],\"inLanguage\":\"fr-FR\"},{\"@type\":\"Organization\",\"@id\":\"https:\/\/maisondelalimentation.fr\/#organization\",\"name\":\"Maison de l'Alimentation\",\"url\":\"https:\/\/maisondelalimentation.fr\/\",\"logo\":{\"@type\":\"ImageObject\",\"inLanguage\":\"fr-FR\",\"@id\":\"https:\/\/maisondelalimentation.fr\/#\/schema\/logo\/image\/\",\"url\":\"https:\/\/maisondelalimentation.fr\/wp-content\/uploads\/2022\/06\/cropped-logo_ma_txt.png\",\"contentUrl\":\"https:\/\/maisondelalimentation.fr\/wp-content\/uploads\/2022\/06\/cropped-logo_ma_txt.png\",\"width\":561,\"height\":200,\"caption\":\"Maison de l'Alimentation\"},\"image\":{\"@id\":\"https:\/\/maisondelalimentation.fr\/#\/schema\/logo\/image\/\"}}]}<\/script>\n<!-- \/ Yoast SEO plugin. -->","yoast_head_json":{"title":"Accueil - Maison de l&#039;Alimentation Ambert","robots":{"index":"index","follow":"follow","max-snippet":"max-snippet:-1","max-image-preview":"max-image-preview:large","max-video-preview":"max-video-preview:-1"},"canonical":"https:\/\/maisondelalimentation.fr\/","og_locale":"fr_FR","og_type":"article","og_title":"Accueil - Maison de l&#039;Alimentation Ambert","og_description":"La Maison de l\u2019Alimentation d\u2019Ambert est une association dont l\u2019objectif est de fournir une aide alimentaire ponctuelle \u00e0 des personnes en difficult\u00e9. Ces derni\u00e8res peuvent ainsi se procurer des produits alimentaires, d&rsquo;hygi\u00e8ne et d&rsquo;entretien \u00e0 prix r\u00e9duit. Cette \u00e9picerie solidaire a \u00e9t\u00e9 cr\u00e9\u00e9e en 2009. En pratique, elle donne la &hellip;","og_url":"https:\/\/maisondelalimentation.fr\/","og_site_name":"Maison de l&#039;Alimentation Ambert","article_modified_time":"2025-03-24T15:17:19+00:00","og_image":[{"width":2560,"height":1707,"url":"https:\/\/maisondelalimentation.fr\/wp-content\/uploads\/2022\/12\/Epicerie-scaled.jpg","type":"image\/jpeg"}],"twitter_card":"summary_large_image","twitter_misc":{"Dur\u00e9e de lecture estim\u00e9e":"2 minutes"},"schema":{"@context":"https:\/\/schema.org","@graph":[{"@type":"WebPage","@id":"https:\/\/maisondelalimentation.fr\/","url":"https:\/\/maisondelalimentation.fr\/","name":"Accueil - Maison de l&#039;Alimentation Ambert","isPartOf":{"@id":"https:\/\/maisondelalimentation.fr\/#website"},"primaryImageOfPage":{"@id":"https:\/\/maisondelalimentation.fr\/#primaryimage"},"image":{"@id":"https:\/\/maisondelalimentation.fr\/#primaryimage"},"thumbnailUrl":"https:\/\/maisondelalimentation.fr\/wp-content\/uploads\/2022\/12\/Epicerie-1024x683.jpg","datePublished":"2022-06-05T12:21:53+00:00","dateModified":"2025-03-24T15:17:19+00:00","breadcrumb":{"@id":"https:\/\/maisondelalimentation.fr\/#breadcrumb"},"inLanguage":"fr-FR","potentialAction":[{"@type":"ReadAction","target":["https:\/\/maisondelalimentation.fr\/"]}]},{"@type":"ImageObject","inLanguage":"fr-FR","@id":"https:\/\/maisondelalimentation.fr\/#primaryimage","url":"https:\/\/maisondelalimentation.fr\/wp-content\/uploads\/2022\/12\/Epicerie-scaled.jpg","contentUrl":"https:\/\/maisondelalimentation.fr\/wp-content\/uploads\/2022\/12\/Epicerie-scaled.jpg","width":2560,"height":1707},{"@type":"BreadcrumbList","@id":"https:\/\/maisondelalimentation.fr\/#breadcrumb","itemListElement":[{"@type":"ListItem","position":1,"name":"Accueil","item":"https:\/\/maisondelalimentation.fr\/"},{"@type":"ListItem","position":2,"name":"Accueil"}]},{"@type":"WebSite","@id":"https:\/\/maisondelalimentation.fr\/#website","url":"https:\/\/maisondelalimentation.fr\/","name":"Maison de l&#039;Alimentation Ambert","description":"","publisher":{"@id":"https:\/\/maisondelalimentation.fr\/#organization"},"potentialAction":[{"@type":"SearchAction","target":{"@type":"EntryPoint","urlTemplate":"https:\/\/maisondelalimentation.fr\/?s={search_term_string}"},"query-input":{"@type":"PropertyValueSpecification","valueRequired":true,"valueName":"search_term_string"}}],"inLanguage":"fr-FR"},{"@type":"Organization","@id":"https:\/\/maisondelalimentation.fr\/#organization","name":"Maison de l'Alimentation","url":"https:\/\/maisondelalimentation.fr\/","logo":{"@type":"ImageObject","inLanguage":"fr-FR","@id":"https:\/\/maisondelalimentation.fr\/#\/schema\/logo\/image\/","url":"https:\/\/maisondelalimentation.fr\/wp-content\/uploads\/2022\/06\/cropped-logo_ma_txt.png","contentUrl":"https:\/\/maisondelalimentation.fr\/wp-content\/uploads\/2022\/06\/cropped-logo_ma_txt.png","width":561,"height":200,"caption":"Maison de l'Alimentation"},"image":{"@id":"https:\/\/maisondelalimentation.fr\/#\/schema\/logo\/image\/"}}]}},"publishpress_future_action":{"enabled":false,"date":"2026-04-27 03:29:47","action":"change-status","newStatus":"draft","terms":[],"taxonomy":""},"publishpress_future_workflow_manual_trigger":{"enabledWorkflows":[]},"_links":{"self":[{"href":"https:\/\/maisondelalimentation.fr\/index.php?rest_route=\/wp\/v2\/pages\/137","targetHints":{"allow":["GET"]}}],"collection":[{"href":"https:\/\/maisondelalimentation.fr\/index.php?rest_route=\/wp\/v2\/pages"}],"about":[{"href":"https:\/\/maisondelalimentation.fr\/index.php?rest_route=\/wp\/v2\/types\/page"}],"author":[{"embeddable":true,"href":"https:\/\/maisondelalimentation.fr\/index.php?rest_route=\/wp\/v2\/users\/1"}],"replies":[{"embeddable":true,"href":"https:\/\/maisondelalimentation.fr\/index.php?rest_route=%2Fwp%2Fv2%2Fcomments&post=137"}],"version-history":[{"count":64,"href":"https:\/\/maisondelalimentation.fr\/index.php?rest_route=\/wp\/v2\/pages\/137\/revisions"}],"predecessor-version":[{"id":6081,"href":"https:\/\/maisondelalimentation.fr\/index.php?rest_route=\/wp\/v2\/pages\/137\/revisions\/6081"}],"wp:attachment":[{"href":"https:\/\/maisondelalimentation.fr\/index.php?rest_route=%2Fwp%2Fv2%2Fmedia&parent=137"}],"curies":[{"name":"wp","href":"https:\/\/api.w.org\/{rel}","templated":true}]}}